{"id":15311,"date":"2021-03-23T11:52:09","date_gmt":"2021-03-23T10:52:09","guid":{"rendered":"https:\/\/www.escolademusicadepalma.cat\/inicio\/"},"modified":"2025-04-29T16:10:26","modified_gmt":"2025-04-29T14:10:26","slug":"inicio","status":"publish","type":"page","link":"https:\/\/www.escolademusicadepalma.cat\/es\/","title":{"rendered":"inicio"},"content":{"rendered":"<div class=\"wpb-content-wrapper\"><p>[vc_row gap=&#8221;25&#8243; equal_height=&#8221;yes&#8221; content_placement=&#8221;middle&#8221; css=&#8221;.vc_custom_1616494131295{margin-bottom: 5px !important;}&#8221;][vc_column width=&#8221;1\/3&#8243; css=&#8221;.vc_custom_1616585012537{padding-right: 40px !important;padding-left: 40px !important;background-image: url(https:\/\/www.escolademusicadepalma.cat\/wp-content\/uploads\/2021\/03\/ninos_slider_bg-1200&#215;640-e1616172873815.jpeg?id=13936) !important;background-position: center !important;background-repeat: no-repeat !important;background-size: cover !important;}&#8221;][vc_row_inner content_placement=&#8221;middle&#8221;][vc_column_inner css=&#8221;.vc_custom_1616321327083{background-position: center !important;background-repeat: no-repeat !important;background-size: cover !important;}&#8221;][vc_custom_heading text=&#8221;Proceso de admisi\u00f3n curso 25\/26&#8243; font_container=&#8221;tag:h2|text_align:left|color:%23ffffff&#8221; google_fonts=&#8221;font_family:Architects%20Daughter%3Aregular|font_style:400%20regular%3A400%3Anormal&#8221;][vc_empty_space height=&#8221;50px&#8221;][vc_btn title=&#8221;+INFO&#8221; shape=&#8221;square&#8221; color=&#8221;white&#8221; el_class=&#8221;btn-white&#8221; link=&#8221;url:https%3A%2F%2Fwww.escolademusicadepalma.cat%2Fes%2Foferta-educativa%2F|title:oferta%20educativa|target:%20_blank|&#8221;][\/vc_column_inner][\/vc_row_inner][\/vc_column][vc_column width=&#8221;1\/3&#8243; css=&#8221;.vc_custom_1616585072466{padding-right: 40px !important;padding-left: 40px !important;background: #a7de3f url(https:\/\/www.escolademusicadepalma.cat\/wp-content\/uploads\/2021\/03\/depositphotos_5874609-stock-photo-colorful-planks.jpeg?id=13988) !important;background-position: center !important;background-repeat: no-repeat !important;background-size: cover !important;}&#8221;][vc_row_inner content_placement=&#8221;middle&#8221;][vc_column_inner css=&#8221;.vc_custom_1616321327083{background-position: center !important;background-repeat: no-repeat !important;background-size: cover !important;}&#8221;][vc_custom_heading text=&#8221;Calendario y agenda de actividades&#8221; font_container=&#8221;tag:h2|text_align:left|color:%23ffffff&#8221; google_fonts=&#8221;font_family:Architects%20Daughter%3Aregular|font_style:400%20regular%3A400%3Anormal&#8221;][vc_empty_space height=&#8221;50px&#8221;][vc_btn title=&#8221;+ INFO&#8221; shape=&#8221;square&#8221; color=&#8221;white&#8221; link=&#8221;url:http%3A%2F%2Fwww.escolademusicadepalma.cat%2Fcalendari-activitats%2F|&#8221; el_class=&#8221;btn-white&#8221;][\/vc_column_inner][\/vc_row_inner][\/vc_column][vc_column width=&#8221;1\/3&#8243; css=&#8221;.vc_custom_1616492532625{padding-right: 40px !important;padding-left: 40px !important;background: #d5e059 url(https:\/\/www.escolademusicadepalma.cat\/wp-content\/uploads\/2021\/03\/escolademusica-fondo-madera-violeta.jpg?id=14016) !important;background-position: center !important;background-repeat: no-repeat !important;background-size: cover !important;}&#8221;][vc_custom_heading text=&#8221;Preguntas frecuentes&#8221; font_container=&#8221;tag:h2|font_size:25|text_align:left|color:%23ffffff&#8221; use_theme_fonts=&#8221;yes&#8221;][vc_empty_space height=&#8221;40px&#8221;][vc_tta_accordion shape=&#8221;square&#8221; active_section=&#8221;1&#8243;][vc_tta_section title=&#8221;\u00bfA qu\u00e9 edad empiezan los ni\u00f1os a tocar un instrumento?&#8221; tab_id=&#8221;1616232603889-45d94e1c-d663&#8243;][vc_column_text]A los seis a\u00f1os empiezan con la rueda de instrumentos y a los 7 a\u00f1os ya eligen uno.[vc_tta_section title=&#8221;\u00bfC\u00f3mo funciona el proceso de admisi\u00f3n?&#8221; tab_id=&#8221;1616232603889-45d94e1c-d663&#8243;][vc_video link=&#8221;https:\/\/youtu.be\/0vySGxA7tK8&#8243;][\/vc_column_text][\/vc_tta_section][vc_tta_section title=&#8221;\u00bfCu\u00e1l es el periodo de inscripci\u00f3n?&#8221; tab_id=&#8221;1616232693880-3fbbd9e8-6808&#8243;][vc_column_text]El periodo es siempre el mismo: del 1 al 31 de mayo, ambos incluidos[\/vc_column_text][\/vc_tta_section][vc_tta_section title=&#8221;\u00bfA partir de qu\u00e9 edad se puede ir a la EMMP?&#8221; tab_id=&#8221;1616175734133-55c608bc-5f44&#8243;][vc_column_text]La franja de edad es de 0 a\u00f1os en adelante.[\/vc_column_text][\/vc_tta_section][\/vc_tta_accordion][\/vc_column][\/vc_row][vc_row gap=&#8221;25&#8243; css=&#8221;.vc_custom_1616496813965{margin-bottom: 5px !important;}&#8221;][vc_column width=&#8221;1\/2&#8243; css=&#8221;.vc_custom_1587566208545{padding-top: 40px !important;padding-right: 40px !important;padding-bottom: 20px !important;padding-left: 40px !important;background-color: #ffffff !important;}&#8221;][vc_media_grid style=&#8221;pagination&#8221; items_per_page=&#8221;1&#8243; element_width=&#8221;12&#8243; arrows_design=&#8221;vc_arrow-icon-arrow_01_left&#8221; arrows_position=&#8221;outside&#8221; arrows_color=&#8221;turquoise&#8221; paging_design=&#8221;none&#8221; loop=&#8221;yes&#8221; autoplay=&#8221;4&#8243; item=&#8221;14060&#8243; grid_id=&#8221;vc_gid:1694611141010-ef1790b9-ed3b-10&#8243; include=&#8221;15161,15162,15163,15164,15165,15166,15167,15168,15169,15170,15171,15172,15173,15174,15175,15176,15177,15178,15179,15180,15181,15182,15183,15184,15185,15186,15187,15188,15189,15190,15191,15192,15193,15194,15195,15196,15197,15198,15199,15200,15201,15202,15203,15205,15206,15207,15208,15209,15210&#8243;][\/vc_column][vc_column width=&#8221;1\/2&#8243; css=&#8221;.vc_custom_1616171018492{background-color: #ffffff !important;}&#8221;][vc_column_text]<\/p>\n<h2 style=\"text-align: center;\"><span style=\"color: #ff6600;\">Panel informativo<\/span><\/h2>\n<p>[\/vc_column_text][vc_basic_grid post_type=&#8221;post&#8221; max_items=&#8221;8&#8243; style=&#8221;pagination&#8221; items_per_page=&#8221;2&#8243; element_width=&#8221;6&#8243; gap=&#8221;35&#8243; paging_design=&#8221;none&#8221; loop=&#8221;yes&#8221; autoplay=&#8221;8&#8243; item=&#8221;12196&#8243; initial_loading_animation=&#8221;flipInY&#8221; grid_id=&#8221;vc_gid:1694611141011-8cca401a-e236-1&#8243; taxonomies=&#8221;35&#8243; paging_animation_in=&#8221;slideInLeft&#8221; css=&#8221;.vc_custom_1680599817392{background-color: #ffffff !important;}&#8221;][\/vc_column][\/vc_row][vc_row gap=&#8221;25&#8243; equal_height=&#8221;yes&#8221; css=&#8221;.vc_custom_1616501145855{background-position: center !important;background-repeat: no-repeat !important;background-size: cover !important;}&#8221;][vc_column width=&#8221;1\/2&#8243; css=&#8221;.vc_custom_1616585185476{padding-right: 40px !important;padding-left: 40px !important;background: #ffcc33 url(https:\/\/www.escolademusicadepalma.cat\/wp-content\/uploads\/2021\/03\/baixa-2.jpeg?id=13986) !important;}&#8221;][vc_row_inner][vc_column_inner width=&#8221;2\/3&#8243;][vc_column_text el_class=&#8221;txt-aula&#8221;]<\/p>\n<p style=\"font-size: 25px; margin-bottom: -20px;\"><span style=\"color: #ffffff;\">Accede a nuestro<\/span><\/p>\n<h3><strong><span style=\"color: #ffffff;\">Campus virtual<\/span><\/strong><\/h3>\n<p>[\/vc_column_text][vc_btn title=&#8221;GOOGLE CLASSROOM&#8221; shape=&#8221;square&#8221; color=&#8221;white&#8221; el_class=&#8221;btn-white&#8221; link=&#8221;url:https%3A%2F%2Fclassroom.google.com%2Fh|title:GOOGLE%20CLASSROOM|target:%20_blank|&#8221;][vc_btn title=&#8221;TUTORIAL GOOGLE CLASSROOM&#8221; shape=&#8221;square&#8221; color=&#8221;white&#8221; el_class=&#8221;btn-white&#8221; link=&#8221;url:https%3A%2F%2Fwww.escolademusicadepalma.cat%2Ftutorial-google-classroom%2F|title:GOOGLE%20CLASSROOM|target:%20_blank|&#8221;][vc_btn title=&#8221;GWIDO&#8221; shape=&#8221;square&#8221; color=&#8221;white&#8221; el_class=&#8221;btn-white&#8221; link=&#8221;url:https%3A%2F%2Fescolademusicadepalma.gwido.cat%2F|target:%20_blank|&#8221;][\/vc_column_inner][vc_column_inner width=&#8221;1\/3&#8243;][\/vc_column_inner][\/vc_row_inner][vc_empty_space height=&#8221;20px&#8221;][\/vc_column][vc_column width=&#8221;1\/2&#8243; css=&#8221;.vc_custom_1616585243436{padding-right: 40px !important;padding-left: 40px !important;background: #578fbf url(https:\/\/www.escolademusicadepalma.cat\/wp-content\/uploads\/2021\/03\/depositphotos_62691625-stock-photo-wood-colorful-texture.jpeg?id=13990) !important;}&#8221;][vc_row_inner][vc_column_inner][vc_custom_heading text=&#8221;Wikim\u00fasica&#8221; font_container=&#8221;tag:h2|font_size:50|text_align:left|color:%23ffffff&#8221; use_theme_fonts=&#8221;yes&#8221;][vc_empty_space height=&#8221;70px&#8221;][vc_btn title=&#8221;+ INFO&#8221; shape=&#8221;square&#8221; color=&#8221;white&#8221; el_class=&#8221;btn-white&#8221; link=&#8221;url:https%3A%2F%2Fsites.google.com%2Fd%2F15OiU5P0UpI7lYjoWRrw8epbjNKUbz0PG%2Fp%2F1Hxjpa2XtuWsRbMa1J1jwP1kvShQ2tA3K%2Fedit|title:wikim%C3%BAsica|target:%20_blank|&#8221;][vc_empty_space height=&#8221;20px&#8221;][\/vc_column_inner][\/vc_row_inner][\/vc_column][\/vc_row]<\/p>\n<\/div>","protected":false},"excerpt":{"rendered":"<p>[vc_row gap=&#8221;25&#8243; equal_height=&#8221;yes&#8221; content_placement=&#8221;middle&#8221; css=&#8221;.vc_custom_1616494131295{margin-bottom: 5px !important;}&#8221;][vc_column width=&#8221;1\/3&#8243; css=&#8221;.vc_custom_1616585012537{padding-right: 40px !important;padding-left: 40px !important;background-image: url(https:\/\/www.escolademusicadepalma.cat\/wp-content\/uploads\/2021\/03\/ninos_slider_bg-1200&#215;640-e1616172873815.jpeg?id=13936) !important;background-position: center !important;background-repeat: no-repeat !important;background-size: cover !important;}&#8221;][vc_row_inner content_placement=&#8221;middle&#8221;][vc_column_inner css=&#8221;.vc_custom_1616321327083{background-position: center !important;background-repeat: no-repeat !important;background-size: cover !important;}&#8221;][vc_custom_heading text=&#8221;Proceso&#8230;<\/p>\n","protected":false},"author":1,"featured_media":0,"parent":0,"menu_order":0,"comment_status":"closed","ping_status":"closed","template":"","meta":{"footnotes":""},"class_list":["post-15311","page","type-page","status-publish","hentry"],"yoast_head":"<!-- This site is optimized with the Yoast SEO plugin v26.8 - https:\/\/yoast.com\/product\/yoast-seo-wordpress\/ -->\n<title>Escuela Municipal de M\u00fasica de Palma - Centro Educativo<\/title>\n<meta name=\"description\" content=\"La Escuela Municipal de M\u00fasica de Palma es un centro educativo cuyo titular es el Ayuntamiento de Palma, dependiendo org\u00e1nicamente de la Concejal\u00eda de Educaci\u00f3n\" \/>\n<meta name=\"robots\" content=\"index, follow, max-snippet:-1, max-image-preview:large, max-video-preview:-1\" \/>\n<link rel=\"canonical\" href=\"https:\/\/www.escolademusicadepalma.cat\/es\/\" \/>\n<meta property=\"og:locale\" content=\"es_ES\" \/>\n<meta property=\"og:type\" content=\"article\" \/>\n<meta property=\"og:title\" content=\"Escuela Municipal de M\u00fasica de Palma - Centro Educativo\" \/>\n<meta property=\"og:description\" content=\"La Escuela Municipal de M\u00fasica de Palma es un centro educativo cuyo titular es el Ayuntamiento de Palma, dependiendo org\u00e1nicamente de la Concejal\u00eda de Educaci\u00f3n\" \/>\n<meta property=\"og:url\" content=\"https:\/\/www.escolademusicadepalma.cat\/es\/\" \/>\n<meta property=\"og:site_name\" content=\"Escola Municipal de M\u00fasica de Palma\" \/>\n<meta property=\"article:publisher\" content=\"https:\/\/www.facebook.com\/Escola-Municipal-de-M%c3%basica-de-Palma-428692967192319\/\" \/>\n<meta property=\"article:modified_time\" content=\"2025-04-29T14:10:26+00:00\" \/>\n<meta name=\"twitter:card\" content=\"summary_large_image\" \/>\n<meta name=\"twitter:site\" content=\"@esm_musicapalma\" \/>\n<meta name=\"twitter:label1\" content=\"Tiempo de lectura\" \/>\n\t<meta name=\"twitter:data1\" content=\"2 minutos\" \/>\n<script type=\"application\/ld+json\" class=\"yoast-schema-graph\">{\"@context\":\"https:\/\/schema.org\",\"@graph\":[{\"@type\":\"WebPage\",\"@id\":\"https:\/\/www.escolademusicadepalma.cat\/es\/\",\"url\":\"https:\/\/www.escolademusicadepalma.cat\/es\/\",\"name\":\"Escuela Municipal de M\u00fasica de Palma - Centro Educativo\",\"isPartOf\":{\"@id\":\"https:\/\/www.escolademusicadepalma.cat\/es\/#website\"},\"datePublished\":\"2021-03-23T10:52:09+00:00\",\"dateModified\":\"2025-04-29T14:10:26+00:00\",\"description\":\"La Escuela Municipal de M\u00fasica de Palma es un centro educativo cuyo titular es el Ayuntamiento de Palma, dependiendo org\u00e1nicamente de la Concejal\u00eda de Educaci\u00f3n\",\"breadcrumb\":{\"@id\":\"https:\/\/www.escolademusicadepalma.cat\/es\/#breadcrumb\"},\"inLanguage\":\"es\",\"potentialAction\":[{\"@type\":\"ReadAction\",\"target\":[\"https:\/\/www.escolademusicadepalma.cat\/es\/\"]}]},{\"@type\":\"BreadcrumbList\",\"@id\":\"https:\/\/www.escolademusicadepalma.cat\/es\/#breadcrumb\",\"itemListElement\":[{\"@type\":\"ListItem\",\"position\":1,\"name\":\"Inici\",\"item\":\"https:\/\/www.escolademusicadepalma.cat\/es\/\"},{\"@type\":\"ListItem\",\"position\":2,\"name\":\"inicio\"}]},{\"@type\":\"WebSite\",\"@id\":\"https:\/\/www.escolademusicadepalma.cat\/es\/#website\",\"url\":\"https:\/\/www.escolademusicadepalma.cat\/es\/\",\"name\":\"Escola Municipal de M\u00fasica de Palma\",\"description\":\"Escola Municipal de M\u00fasica de Palma\",\"publisher\":{\"@id\":\"https:\/\/www.escolademusicadepalma.cat\/es\/#organization\"},\"potentialAction\":[{\"@type\":\"SearchAction\",\"target\":{\"@type\":\"EntryPoint\",\"urlTemplate\":\"https:\/\/www.escolademusicadepalma.cat\/es\/?s={search_term_string}\"},\"query-input\":{\"@type\":\"PropertyValueSpecification\",\"valueRequired\":true,\"valueName\":\"search_term_string\"}}],\"inLanguage\":\"es\"},{\"@type\":\"Organization\",\"@id\":\"https:\/\/www.escolademusicadepalma.cat\/es\/#organization\",\"name\":\"Escola de M\u00fasica de Palma\",\"url\":\"https:\/\/www.escolademusicadepalma.cat\/es\/\",\"logo\":{\"@type\":\"ImageObject\",\"inLanguage\":\"es\",\"@id\":\"https:\/\/www.escolademusicadepalma.cat\/es\/#\/schema\/logo\/image\/\",\"url\":\"https:\/\/www.escolademusicadepalma.cat\/wp-content\/uploads\/2018\/11\/2.jpg\",\"contentUrl\":\"https:\/\/www.escolademusicadepalma.cat\/wp-content\/uploads\/2018\/11\/2.jpg\",\"width\":455,\"height\":146,\"caption\":\"Escola de M\u00fasica de Palma\"},\"image\":{\"@id\":\"https:\/\/www.escolademusicadepalma.cat\/es\/#\/schema\/logo\/image\/\"},\"sameAs\":[\"https:\/\/www.facebook.com\/Escola-Municipal-de-M\u00fasica-de-Palma-428692967192319\/\",\"https:\/\/x.com\/esm_musicapalma\",\"https:\/\/www.youtube.com\/channel\/UCTzSeD3hnXAQl-8uQo1NHOA\/featured\"]}]}<\/script>\n<!-- \/ Yoast SEO plugin. -->","yoast_head_json":{"title":"Escuela Municipal de M\u00fasica de Palma - Centro Educativo","description":"La Escuela Municipal de M\u00fasica de Palma es un centro educativo cuyo titular es el Ayuntamiento de Palma, dependiendo org\u00e1nicamente de la Concejal\u00eda de Educaci\u00f3n","robots":{"index":"index","follow":"follow","max-snippet":"max-snippet:-1","max-image-preview":"max-image-preview:large","max-video-preview":"max-video-preview:-1"},"canonical":"https:\/\/www.escolademusicadepalma.cat\/es\/","og_locale":"es_ES","og_type":"article","og_title":"Escuela Municipal de M\u00fasica de Palma - Centro Educativo","og_description":"La Escuela Municipal de M\u00fasica de Palma es un centro educativo cuyo titular es el Ayuntamiento de Palma, dependiendo org\u00e1nicamente de la Concejal\u00eda de Educaci\u00f3n","og_url":"https:\/\/www.escolademusicadepalma.cat\/es\/","og_site_name":"Escola Municipal de M\u00fasica de Palma","article_publisher":"https:\/\/www.facebook.com\/Escola-Municipal-de-M%c3%basica-de-Palma-428692967192319\/","article_modified_time":"2025-04-29T14:10:26+00:00","twitter_card":"summary_large_image","twitter_site":"@esm_musicapalma","twitter_misc":{"Tiempo de lectura":"2 minutos"},"schema":{"@context":"https:\/\/schema.org","@graph":[{"@type":"WebPage","@id":"https:\/\/www.escolademusicadepalma.cat\/es\/","url":"https:\/\/www.escolademusicadepalma.cat\/es\/","name":"Escuela Municipal de M\u00fasica de Palma - Centro Educativo","isPartOf":{"@id":"https:\/\/www.escolademusicadepalma.cat\/es\/#website"},"datePublished":"2021-03-23T10:52:09+00:00","dateModified":"2025-04-29T14:10:26+00:00","description":"La Escuela Municipal de M\u00fasica de Palma es un centro educativo cuyo titular es el Ayuntamiento de Palma, dependiendo org\u00e1nicamente de la Concejal\u00eda de Educaci\u00f3n","breadcrumb":{"@id":"https:\/\/www.escolademusicadepalma.cat\/es\/#breadcrumb"},"inLanguage":"es","potentialAction":[{"@type":"ReadAction","target":["https:\/\/www.escolademusicadepalma.cat\/es\/"]}]},{"@type":"BreadcrumbList","@id":"https:\/\/www.escolademusicadepalma.cat\/es\/#breadcrumb","itemListElement":[{"@type":"ListItem","position":1,"name":"Inici","item":"https:\/\/www.escolademusicadepalma.cat\/es\/"},{"@type":"ListItem","position":2,"name":"inicio"}]},{"@type":"WebSite","@id":"https:\/\/www.escolademusicadepalma.cat\/es\/#website","url":"https:\/\/www.escolademusicadepalma.cat\/es\/","name":"Escola Municipal de M\u00fasica de Palma","description":"Escola Municipal de M\u00fasica de Palma","publisher":{"@id":"https:\/\/www.escolademusicadepalma.cat\/es\/#organization"},"potentialAction":[{"@type":"SearchAction","target":{"@type":"EntryPoint","urlTemplate":"https:\/\/www.escolademusicadepalma.cat\/es\/?s={search_term_string}"},"query-input":{"@type":"PropertyValueSpecification","valueRequired":true,"valueName":"search_term_string"}}],"inLanguage":"es"},{"@type":"Organization","@id":"https:\/\/www.escolademusicadepalma.cat\/es\/#organization","name":"Escola de M\u00fasica de Palma","url":"https:\/\/www.escolademusicadepalma.cat\/es\/","logo":{"@type":"ImageObject","inLanguage":"es","@id":"https:\/\/www.escolademusicadepalma.cat\/es\/#\/schema\/logo\/image\/","url":"https:\/\/www.escolademusicadepalma.cat\/wp-content\/uploads\/2018\/11\/2.jpg","contentUrl":"https:\/\/www.escolademusicadepalma.cat\/wp-content\/uploads\/2018\/11\/2.jpg","width":455,"height":146,"caption":"Escola de M\u00fasica de Palma"},"image":{"@id":"https:\/\/www.escolademusicadepalma.cat\/es\/#\/schema\/logo\/image\/"},"sameAs":["https:\/\/www.facebook.com\/Escola-Municipal-de-M\u00fasica-de-Palma-428692967192319\/","https:\/\/x.com\/esm_musicapalma","https:\/\/www.youtube.com\/channel\/UCTzSeD3hnXAQl-8uQo1NHOA\/featured"]}]}},"_links":{"self":[{"href":"https:\/\/www.escolademusicadepalma.cat\/es\/wp-json\/wp\/v2\/pages\/15311","targetHints":{"allow":["GET"]}}],"collection":[{"href":"https:\/\/www.escolademusicadepalma.cat\/es\/wp-json\/wp\/v2\/pages"}],"about":[{"href":"https:\/\/www.escolademusicadepalma.cat\/es\/wp-json\/wp\/v2\/types\/page"}],"author":[{"embeddable":true,"href":"https:\/\/www.escolademusicadepalma.cat\/es\/wp-json\/wp\/v2\/users\/1"}],"replies":[{"embeddable":true,"href":"https:\/\/www.escolademusicadepalma.cat\/es\/wp-json\/wp\/v2\/comments?post=15311"}],"version-history":[{"count":39,"href":"https:\/\/www.escolademusicadepalma.cat\/es\/wp-json\/wp\/v2\/pages\/15311\/revisions"}],"predecessor-version":[{"id":16622,"href":"https:\/\/www.escolademusicadepalma.cat\/es\/wp-json\/wp\/v2\/pages\/15311\/revisions\/16622"}],"wp:attachment":[{"href":"https:\/\/www.escolademusicadepalma.cat\/es\/wp-json\/wp\/v2\/media?parent=15311"}],"curies":[{"name":"wp","href":"https:\/\/api.w.org\/{rel}","templated":true}]}}