{"id":15317,"date":"2018-07-17T07:55:30","date_gmt":"2018-07-17T05:55:30","guid":{"rendered":"https:\/\/www.escolademusicadepalma.cat\/presentacion\/"},"modified":"2023-09-11T18:23:23","modified_gmt":"2023-09-11T16:23:23","slug":"presentacion","status":"publish","type":"page","link":"https:\/\/www.escolademusicadepalma.cat\/es\/presentacion\/","title":{"rendered":"Presentaci\u00f3n"},"content":{"rendered":"<div class=\"wpb-content-wrapper\"><p>[vc_row][vc_column width=&#8221;1\/6&#8243;][vc_single_image image=&#8221;12251&#8243; img_size=&#8221;full&#8221; alignment=&#8221;center&#8221; css=&#8221;.vc_custom_1533120116166{padding-top: 30px !important;}&#8221;][\/vc_column][vc_column width=&#8221;2\/3&#8243; css=&#8221;.vc_custom_1536565801999{padding-top: 5% !important;padding-right: 5% !important;padding-bottom: 5% !important;padding-left: 5% !important;background-color: #ffffff !important;}&#8221;][vc_column_text css=&#8221;.vc_custom_1531986322897{margin-bottom: 0px !important;padding-bottom: 10px !important;}&#8221;]<\/p>\n<h2>Presentaci\u00f3n<\/h2>\n<p>[\/vc_column_text][vc_separator color=&#8221;custom&#8221; align=&#8221;align_left&#8221; border_width=&#8221;5&#8243; el_width=&#8221;10&#8243; accent_color=&#8221;#50e0c7&#8243; css=&#8221;.vc_custom_1531986337582{padding-bottom: 20px !important;}&#8221;][vc_column_text]<span class=\"lead\">La <strong>Escuela Municipal de M\u00fasica de Palma<\/strong> es un centro educativo cuyo titular es el Ayuntamiento de Palma, dependiendo org\u00e1nicamente de la Concejal\u00eda de Educaci\u00f3n y Deportes.<\/span><\/p>\n<p>La propuesta educativa que tenemos en la Escuela Municipal de M\u00fasica de Palma supone una oferta amplia y muy variada, que pretende atender las necesidades e intereses musicales de todas las edades y p\u00fablicos.<\/p>\n<p>Consideramos la escuela de m\u00fasica un potenciador de la cultura, y no s\u00f3lo la musical, puesto que las personas que est\u00e1n en contacto con el hecho sonoro, ya desde beb\u00e9s, desarrollan una sensibilidad hacia todos los movimientos que lo pueden estimular desde el punto de vista emocional: teatro, pintura, manifestaciones art\u00edsticas de calle\u2026<\/p>\n<p>Pensamos que la Escuela Municipal de M\u00fasica de Palma tiene que valorarse por lo que supone para nuestra ciudad disfrutar de un centro como este y defender la formaci\u00f3n que recibe nuestro alumnado, los criterios pedag\u00f3gicos que atienden la formaci\u00f3n integral de la persona con el Ni\u00f1o como centro de su aprendizaje y con el af\u00e1n permanente del goce con la m\u00fasica, desde la m\u00fasica y desde su ense\u00f1anza.<\/p>\n<p>La creatividad, la motivaci\u00f3n, la m\u00fasica en grupo, la felicidad del alumnado, su goce con la interpretaci\u00f3n p\u00fablica, son los preceptos que nos mueven como centro a llevar a cabo todas las acciones necesarias para lograrlo.<\/p>\n<p>Nada de lo que hemos dicho anteriormente es posible sin la implicaci\u00f3n del profesorado a todos los niveles: formaci\u00f3n en aspectos no cubiertos en nuestros estudios acad\u00e9micos (TIC, improvisaci\u00f3n, escenograf\u00eda, inteligencia emocional, coaching&#8230;) fomentando la creaci\u00f3n de grupos de formaci\u00f3n ya sea a nivel de departamentos o de centro o, incluso, intercentros.<\/p>\n<p>Entendemos que la verdadera formaci\u00f3n\/educaci\u00f3n no es la que consigue \u201cintroducir\u201d muchos conocimientos en los alumnos sino aquella que es capaz de extraerlos a partir de lo que ellos ya tienen dentro, no de crear personas que sepan responder, sino personas que pregunten cosas, que tengan curiosidad.<\/p>\n<p>El centro sigue con su premisa de implicar a todas las partes: profesorado, alumnado y familias con la convicci\u00f3n que es la \u00fanica manera de poder dar una buena formaci\u00f3n musical a nuestro alumnado.[\/vc_column_text][vc_single_image image=&#8221;13924&#8243; img_size=&#8221;full&#8221;][\/vc_column][vc_column width=&#8221;1\/6&#8243;][\/vc_column][\/vc_row]<\/p>\n<\/div>","protected":false},"excerpt":{"rendered":"<p>[vc_row][vc_column width=&#8221;1\/6&#8243;][vc_single_image image=&#8221;12251&#8243; img_size=&#8221;full&#8221; alignment=&#8221;center&#8221; css=&#8221;.vc_custom_1533120116166{padding-top: 30px !important;}&#8221;][\/vc_column][vc_column width=&#8221;2\/3&#8243; css=&#8221;.vc_custom_1536565801999{padding-top: 5% !important;padding-right: 5% !important;padding-bottom: 5% !important;padding-left: 5% !important;background-color: #ffffff !important;}&#8221;][vc_column_text css=&#8221;.vc_custom_1531986322897{margin-bottom: 0px !important;padding-bottom: 10px !important;}&#8221;] Presentaci\u00f3n [\/vc_column_text][vc_separator color=&#8221;custom&#8221; align=&#8221;align_left&#8221; border_width=&#8221;5&#8243;&#8230;<\/p>\n","protected":false},"author":1,"featured_media":0,"parent":0,"menu_order":0,"comment_status":"closed","ping_status":"closed","template":"","meta":{"footnotes":""},"class_list":["post-15317","page","type-page","status-publish","hentry"],"yoast_head":"<!-- This site is optimized with the Yoast SEO plugin v26.8 - https:\/\/yoast.com\/product\/yoast-seo-wordpress\/ -->\n<title>Presentaci\u00f3n de la Escola de m\u00fasica - Escola Municipal de M\u00fasica de Palma<\/title>\n<meta name=\"description\" content=\"Conservatorio Elemental y Escuela municipal de M\u00fasica de Palma. Ense\u00f1anzas regladas y no regladas de diferentes tipos de instrumentos.\" \/>\n<meta name=\"robots\" content=\"index, follow, max-snippet:-1, max-image-preview:large, max-video-preview:-1\" \/>\n<link rel=\"canonical\" href=\"https:\/\/www.escolademusicadepalma.cat\/es\/presentacion\/\" \/>\n<meta property=\"og:locale\" content=\"es_ES\" \/>\n<meta property=\"og:type\" content=\"article\" \/>\n<meta property=\"og:title\" content=\"Presentaci\u00f3n de la Escola de m\u00fasica - Escola Municipal de M\u00fasica de Palma\" \/>\n<meta property=\"og:description\" content=\"Conservatorio Elemental y Escuela municipal de M\u00fasica de Palma. Ense\u00f1anzas regladas y no regladas de diferentes tipos de instrumentos.\" \/>\n<meta property=\"og:url\" content=\"https:\/\/www.escolademusicadepalma.cat\/es\/presentacion\/\" \/>\n<meta property=\"og:site_name\" content=\"Escola Municipal de M\u00fasica de Palma\" \/>\n<meta property=\"article:publisher\" content=\"https:\/\/www.facebook.com\/Escola-Municipal-de-M%c3%basica-de-Palma-428692967192319\/\" \/>\n<meta property=\"article:modified_time\" content=\"2023-09-11T16:23:23+00:00\" \/>\n<meta name=\"twitter:card\" content=\"summary_large_image\" \/>\n<meta name=\"twitter:site\" content=\"@esm_musicapalma\" \/>\n<meta name=\"twitter:label1\" content=\"Tiempo de lectura\" \/>\n\t<meta name=\"twitter:data1\" content=\"2 minutos\" \/>\n<script type=\"application\/ld+json\" class=\"yoast-schema-graph\">{\"@context\":\"https:\/\/schema.org\",\"@graph\":[{\"@type\":\"WebPage\",\"@id\":\"https:\/\/www.escolademusicadepalma.cat\/es\/presentacion\/\",\"url\":\"https:\/\/www.escolademusicadepalma.cat\/es\/presentacion\/\",\"name\":\"Presentaci\u00f3n de la Escola de m\u00fasica - Escola Municipal de M\u00fasica de Palma\",\"isPartOf\":{\"@id\":\"https:\/\/www.escolademusicadepalma.cat\/es\/#website\"},\"datePublished\":\"2018-07-17T05:55:30+00:00\",\"dateModified\":\"2023-09-11T16:23:23+00:00\",\"description\":\"Conservatorio Elemental y Escuela municipal de M\u00fasica de Palma. Ense\u00f1anzas regladas y no regladas de diferentes tipos de instrumentos.\",\"breadcrumb\":{\"@id\":\"https:\/\/www.escolademusicadepalma.cat\/es\/presentacion\/#breadcrumb\"},\"inLanguage\":\"es\",\"potentialAction\":[{\"@type\":\"ReadAction\",\"target\":[\"https:\/\/www.escolademusicadepalma.cat\/es\/presentacion\/\"]}]},{\"@type\":\"BreadcrumbList\",\"@id\":\"https:\/\/www.escolademusicadepalma.cat\/es\/presentacion\/#breadcrumb\",\"itemListElement\":[{\"@type\":\"ListItem\",\"position\":1,\"name\":\"Inici\",\"item\":\"https:\/\/www.escolademusicadepalma.cat\/es\/\"},{\"@type\":\"ListItem\",\"position\":2,\"name\":\"Presentaci\u00f3n\"}]},{\"@type\":\"WebSite\",\"@id\":\"https:\/\/www.escolademusicadepalma.cat\/es\/#website\",\"url\":\"https:\/\/www.escolademusicadepalma.cat\/es\/\",\"name\":\"Escola Municipal de M\u00fasica de Palma\",\"description\":\"Escola Municipal de M\u00fasica de Palma\",\"publisher\":{\"@id\":\"https:\/\/www.escolademusicadepalma.cat\/es\/#organization\"},\"potentialAction\":[{\"@type\":\"SearchAction\",\"target\":{\"@type\":\"EntryPoint\",\"urlTemplate\":\"https:\/\/www.escolademusicadepalma.cat\/es\/?s={search_term_string}\"},\"query-input\":{\"@type\":\"PropertyValueSpecification\",\"valueRequired\":true,\"valueName\":\"search_term_string\"}}],\"inLanguage\":\"es\"},{\"@type\":\"Organization\",\"@id\":\"https:\/\/www.escolademusicadepalma.cat\/es\/#organization\",\"name\":\"Escola de M\u00fasica de Palma\",\"url\":\"https:\/\/www.escolademusicadepalma.cat\/es\/\",\"logo\":{\"@type\":\"ImageObject\",\"inLanguage\":\"es\",\"@id\":\"https:\/\/www.escolademusicadepalma.cat\/es\/#\/schema\/logo\/image\/\",\"url\":\"https:\/\/www.escolademusicadepalma.cat\/wp-content\/uploads\/2018\/11\/2.jpg\",\"contentUrl\":\"https:\/\/www.escolademusicadepalma.cat\/wp-content\/uploads\/2018\/11\/2.jpg\",\"width\":455,\"height\":146,\"caption\":\"Escola de M\u00fasica de Palma\"},\"image\":{\"@id\":\"https:\/\/www.escolademusicadepalma.cat\/es\/#\/schema\/logo\/image\/\"},\"sameAs\":[\"https:\/\/www.facebook.com\/Escola-Municipal-de-M\u00fasica-de-Palma-428692967192319\/\",\"https:\/\/x.com\/esm_musicapalma\",\"https:\/\/www.youtube.com\/channel\/UCTzSeD3hnXAQl-8uQo1NHOA\/featured\"]}]}<\/script>\n<!-- \/ Yoast SEO plugin. -->","yoast_head_json":{"title":"Presentaci\u00f3n de la Escola de m\u00fasica - Escola Municipal de M\u00fasica de Palma","description":"Conservatorio Elemental y Escuela municipal de M\u00fasica de Palma. Ense\u00f1anzas regladas y no regladas de diferentes tipos de instrumentos.","robots":{"index":"index","follow":"follow","max-snippet":"max-snippet:-1","max-image-preview":"max-image-preview:large","max-video-preview":"max-video-preview:-1"},"canonical":"https:\/\/www.escolademusicadepalma.cat\/es\/presentacion\/","og_locale":"es_ES","og_type":"article","og_title":"Presentaci\u00f3n de la Escola de m\u00fasica - Escola Municipal de M\u00fasica de Palma","og_description":"Conservatorio Elemental y Escuela municipal de M\u00fasica de Palma. Ense\u00f1anzas regladas y no regladas de diferentes tipos de instrumentos.","og_url":"https:\/\/www.escolademusicadepalma.cat\/es\/presentacion\/","og_site_name":"Escola Municipal de M\u00fasica de Palma","article_publisher":"https:\/\/www.facebook.com\/Escola-Municipal-de-M%c3%basica-de-Palma-428692967192319\/","article_modified_time":"2023-09-11T16:23:23+00:00","twitter_card":"summary_large_image","twitter_site":"@esm_musicapalma","twitter_misc":{"Tiempo de lectura":"2 minutos"},"schema":{"@context":"https:\/\/schema.org","@graph":[{"@type":"WebPage","@id":"https:\/\/www.escolademusicadepalma.cat\/es\/presentacion\/","url":"https:\/\/www.escolademusicadepalma.cat\/es\/presentacion\/","name":"Presentaci\u00f3n de la Escola de m\u00fasica - Escola Municipal de M\u00fasica de Palma","isPartOf":{"@id":"https:\/\/www.escolademusicadepalma.cat\/es\/#website"},"datePublished":"2018-07-17T05:55:30+00:00","dateModified":"2023-09-11T16:23:23+00:00","description":"Conservatorio Elemental y Escuela municipal de M\u00fasica de Palma. Ense\u00f1anzas regladas y no regladas de diferentes tipos de instrumentos.","breadcrumb":{"@id":"https:\/\/www.escolademusicadepalma.cat\/es\/presentacion\/#breadcrumb"},"inLanguage":"es","potentialAction":[{"@type":"ReadAction","target":["https:\/\/www.escolademusicadepalma.cat\/es\/presentacion\/"]}]},{"@type":"BreadcrumbList","@id":"https:\/\/www.escolademusicadepalma.cat\/es\/presentacion\/#breadcrumb","itemListElement":[{"@type":"ListItem","position":1,"name":"Inici","item":"https:\/\/www.escolademusicadepalma.cat\/es\/"},{"@type":"ListItem","position":2,"name":"Presentaci\u00f3n"}]},{"@type":"WebSite","@id":"https:\/\/www.escolademusicadepalma.cat\/es\/#website","url":"https:\/\/www.escolademusicadepalma.cat\/es\/","name":"Escola Municipal de M\u00fasica de Palma","description":"Escola Municipal de M\u00fasica de Palma","publisher":{"@id":"https:\/\/www.escolademusicadepalma.cat\/es\/#organization"},"potentialAction":[{"@type":"SearchAction","target":{"@type":"EntryPoint","urlTemplate":"https:\/\/www.escolademusicadepalma.cat\/es\/?s={search_term_string}"},"query-input":{"@type":"PropertyValueSpecification","valueRequired":true,"valueName":"search_term_string"}}],"inLanguage":"es"},{"@type":"Organization","@id":"https:\/\/www.escolademusicadepalma.cat\/es\/#organization","name":"Escola de M\u00fasica de Palma","url":"https:\/\/www.escolademusicadepalma.cat\/es\/","logo":{"@type":"ImageObject","inLanguage":"es","@id":"https:\/\/www.escolademusicadepalma.cat\/es\/#\/schema\/logo\/image\/","url":"https:\/\/www.escolademusicadepalma.cat\/wp-content\/uploads\/2018\/11\/2.jpg","contentUrl":"https:\/\/www.escolademusicadepalma.cat\/wp-content\/uploads\/2018\/11\/2.jpg","width":455,"height":146,"caption":"Escola de M\u00fasica de Palma"},"image":{"@id":"https:\/\/www.escolademusicadepalma.cat\/es\/#\/schema\/logo\/image\/"},"sameAs":["https:\/\/www.facebook.com\/Escola-Municipal-de-M\u00fasica-de-Palma-428692967192319\/","https:\/\/x.com\/esm_musicapalma","https:\/\/www.youtube.com\/channel\/UCTzSeD3hnXAQl-8uQo1NHOA\/featured"]}]}},"_links":{"self":[{"href":"https:\/\/www.escolademusicadepalma.cat\/es\/wp-json\/wp\/v2\/pages\/15317","targetHints":{"allow":["GET"]}}],"collection":[{"href":"https:\/\/www.escolademusicadepalma.cat\/es\/wp-json\/wp\/v2\/pages"}],"about":[{"href":"https:\/\/www.escolademusicadepalma.cat\/es\/wp-json\/wp\/v2\/types\/page"}],"author":[{"embeddable":true,"href":"https:\/\/www.escolademusicadepalma.cat\/es\/wp-json\/wp\/v2\/users\/1"}],"replies":[{"embeddable":true,"href":"https:\/\/www.escolademusicadepalma.cat\/es\/wp-json\/wp\/v2\/comments?post=15317"}],"version-history":[{"count":2,"href":"https:\/\/www.escolademusicadepalma.cat\/es\/wp-json\/wp\/v2\/pages\/15317\/revisions"}],"predecessor-version":[{"id":15319,"href":"https:\/\/www.escolademusicadepalma.cat\/es\/wp-json\/wp\/v2\/pages\/15317\/revisions\/15319"}],"wp:attachment":[{"href":"https:\/\/www.escolademusicadepalma.cat\/es\/wp-json\/wp\/v2\/media?parent=15317"}],"curies":[{"name":"wp","href":"https:\/\/api.w.org\/{rel}","templated":true}]}}