{"id":15320,"date":"2018-07-17T07:50:38","date_gmt":"2018-07-17T05:50:38","guid":{"rendered":"https:\/\/www.escolademusicadepalma.cat\/historia\/"},"modified":"2023-09-11T18:25:43","modified_gmt":"2023-09-11T16:25:43","slug":"historia","status":"publish","type":"page","link":"https:\/\/www.escolademusicadepalma.cat\/es\/historia\/","title":{"rendered":"Historia"},"content":{"rendered":"<div class=\"wpb-content-wrapper\"><p>[vc_row][vc_column width=&#8221;1\/6&#8243;][vc_single_image image=&#8221;12250&#8243; img_size=&#8221;full&#8221; alignment=&#8221;center&#8221; css=&#8221;.vc_custom_1535365656230{padding-top: 30px !important;}&#8221;][\/vc_column][vc_column width=&#8221;2\/3&#8243; css=&#8221;.vc_custom_1536565872634{padding-top: 5% !important;padding-right: 5% !important;padding-bottom: 5% !important;padding-left: 5% !important;background-color: #ffffff !important;}&#8221;][vc_column_text css=&#8221;.vc_custom_1535365663437{margin-bottom: 0px !important;padding-bottom: 10px !important;}&#8221;]<\/p>\n<h2>Historia<\/h2>\n<p>[\/vc_column_text][vc_separator color=&#8221;custom&#8221; align=&#8221;align_left&#8221; border_width=&#8221;5&#8243; el_width=&#8221;10&#8243; accent_color=&#8221;#50e0c7&#8243; css=&#8221;.vc_custom_1531986337582{padding-bottom: 20px !important;}&#8221;][vc_column_text]El centro fue creado en 2006 por el Ayuntamiento de Palma como Conservatorio Municipal Elemental de M\u00fasica para impartir ense\u00f1anzas regladas a ni\u00f1os de entre 8 y 12 a\u00f1os.<\/p>\n<p>El curso 2012\/2013 se ofrece, desde la Concejal\u00eda de Educaci\u00f3n, a la ciudadan\u00eda toda una oferta de ense\u00f1anzas no regladas desde beb\u00e9s (0 a\u00f1os) hasta adultos de cualquier edad.<\/p>\n<p>El curso 2015\/2016 se toma la decisi\u00f3n de centrar todos los esfuerzos en la oferta no reglada y, paulatinamente, se dejan de impartir las ense\u00f1anzas regladas hasta llegar, en el curso 2019\/2020, a no entrar en la oferta educativa del centro.<\/p>\n<p>El centro empez\u00f3 en el curso 2006\/2007 con 42 alumnos y actualmente cuenta con una oferta educativa para 481.<\/p>\n<p>Desde sus inicios uno de los hitos ha sido siempre acercar la m\u00fasica a la ciudadan\u00eda de Palma y mostrar la m\u00fasica como medio de expresi\u00f3n al alcance de cualquier persona.<\/p>\n<p>Actividades como los \u201cConciertos para Escuchar y Aprender\u201d, los \u201cDomingos musicales\u201d, la \u201cEscuela de verano para profesorado de m\u00fasica\u201d, el \u201cProyecto Ricercare\u201d y desde el curso 2017\/2018 el proyecto inclusivo \u201cJuntos Sonamos Mejor\u201d, son su exponente.[\/vc_column_text][vc_single_image image=&#8221;13929&#8243; img_size=&#8221;full&#8221;][\/vc_column][vc_column width=&#8221;1\/6&#8243;][\/vc_column][\/vc_row]<\/p>\n<\/div>","protected":false},"excerpt":{"rendered":"<p>[vc_row][vc_column width=&#8221;1\/6&#8243;][vc_single_image image=&#8221;12250&#8243; img_size=&#8221;full&#8221; alignment=&#8221;center&#8221; css=&#8221;.vc_custom_1535365656230{padding-top: 30px !important;}&#8221;][\/vc_column][vc_column width=&#8221;2\/3&#8243; css=&#8221;.vc_custom_1536565872634{padding-top: 5% !important;padding-right: 5% !important;padding-bottom: 5% !important;padding-left: 5% !important;background-color: #ffffff !important;}&#8221;][vc_column_text css=&#8221;.vc_custom_1535365663437{margin-bottom: 0px !important;padding-bottom: 10px !important;}&#8221;] Historia [\/vc_column_text][vc_separator color=&#8221;custom&#8221; align=&#8221;align_left&#8221; border_width=&#8221;5&#8243;&#8230;<\/p>\n","protected":false},"author":1,"featured_media":0,"parent":0,"menu_order":0,"comment_status":"closed","ping_status":"closed","template":"","meta":{"footnotes":""},"class_list":["post-15320","page","type-page","status-publish","hentry"],"yoast_head":"<!-- This site is optimized with the Yoast SEO plugin v26.8 - https:\/\/yoast.com\/product\/yoast-seo-wordpress\/ -->\n<title>Historia de la escuela de M\u00fasica - Escola Municipal de M\u00fasica de Palma<\/title>\n<meta name=\"description\" content=\"Historia del Conservatorio Elemental y Escuela municipal de M\u00fasica de Palma. Ense\u00f1anzas regladas y no regladas de diferentes tipos de instrumentos.\" \/>\n<meta name=\"robots\" content=\"index, follow, max-snippet:-1, max-image-preview:large, max-video-preview:-1\" \/>\n<link rel=\"canonical\" href=\"https:\/\/www.escolademusicadepalma.cat\/es\/historia\/\" \/>\n<meta property=\"og:locale\" content=\"es_ES\" \/>\n<meta property=\"og:type\" content=\"article\" \/>\n<meta property=\"og:title\" content=\"Historia de la escuela de M\u00fasica - Escola Municipal de M\u00fasica de Palma\" \/>\n<meta property=\"og:description\" content=\"Historia del Conservatorio Elemental y Escuela municipal de M\u00fasica de Palma. Ense\u00f1anzas regladas y no regladas de diferentes tipos de instrumentos.\" \/>\n<meta property=\"og:url\" content=\"https:\/\/www.escolademusicadepalma.cat\/es\/historia\/\" \/>\n<meta property=\"og:site_name\" content=\"Escola Municipal de M\u00fasica de Palma\" \/>\n<meta property=\"article:publisher\" content=\"https:\/\/www.facebook.com\/Escola-Municipal-de-M%c3%basica-de-Palma-428692967192319\/\" \/>\n<meta property=\"article:modified_time\" content=\"2023-09-11T16:25:43+00:00\" \/>\n<meta name=\"twitter:card\" content=\"summary_large_image\" \/>\n<meta name=\"twitter:site\" content=\"@esm_musicapalma\" \/>\n<meta name=\"twitter:label1\" content=\"Tiempo de lectura\" \/>\n\t<meta name=\"twitter:data1\" content=\"1 minuto\" \/>\n<script type=\"application\/ld+json\" class=\"yoast-schema-graph\">{\"@context\":\"https:\/\/schema.org\",\"@graph\":[{\"@type\":\"WebPage\",\"@id\":\"https:\/\/www.escolademusicadepalma.cat\/es\/historia\/\",\"url\":\"https:\/\/www.escolademusicadepalma.cat\/es\/historia\/\",\"name\":\"Historia de la escuela de M\u00fasica - Escola Municipal de M\u00fasica de Palma\",\"isPartOf\":{\"@id\":\"https:\/\/www.escolademusicadepalma.cat\/es\/#website\"},\"datePublished\":\"2018-07-17T05:50:38+00:00\",\"dateModified\":\"2023-09-11T16:25:43+00:00\",\"description\":\"Historia del Conservatorio Elemental y Escuela municipal de M\u00fasica de Palma. Ense\u00f1anzas regladas y no regladas de diferentes tipos de instrumentos.\",\"breadcrumb\":{\"@id\":\"https:\/\/www.escolademusicadepalma.cat\/es\/historia\/#breadcrumb\"},\"inLanguage\":\"es\",\"potentialAction\":[{\"@type\":\"ReadAction\",\"target\":[\"https:\/\/www.escolademusicadepalma.cat\/es\/historia\/\"]}]},{\"@type\":\"BreadcrumbList\",\"@id\":\"https:\/\/www.escolademusicadepalma.cat\/es\/historia\/#breadcrumb\",\"itemListElement\":[{\"@type\":\"ListItem\",\"position\":1,\"name\":\"Inici\",\"item\":\"https:\/\/www.escolademusicadepalma.cat\/es\/\"},{\"@type\":\"ListItem\",\"position\":2,\"name\":\"Historia\"}]},{\"@type\":\"WebSite\",\"@id\":\"https:\/\/www.escolademusicadepalma.cat\/es\/#website\",\"url\":\"https:\/\/www.escolademusicadepalma.cat\/es\/\",\"name\":\"Escola Municipal de M\u00fasica de Palma\",\"description\":\"Escola Municipal de M\u00fasica de Palma\",\"publisher\":{\"@id\":\"https:\/\/www.escolademusicadepalma.cat\/es\/#organization\"},\"potentialAction\":[{\"@type\":\"SearchAction\",\"target\":{\"@type\":\"EntryPoint\",\"urlTemplate\":\"https:\/\/www.escolademusicadepalma.cat\/es\/?s={search_term_string}\"},\"query-input\":{\"@type\":\"PropertyValueSpecification\",\"valueRequired\":true,\"valueName\":\"search_term_string\"}}],\"inLanguage\":\"es\"},{\"@type\":\"Organization\",\"@id\":\"https:\/\/www.escolademusicadepalma.cat\/es\/#organization\",\"name\":\"Escola de M\u00fasica de Palma\",\"url\":\"https:\/\/www.escolademusicadepalma.cat\/es\/\",\"logo\":{\"@type\":\"ImageObject\",\"inLanguage\":\"es\",\"@id\":\"https:\/\/www.escolademusicadepalma.cat\/es\/#\/schema\/logo\/image\/\",\"url\":\"https:\/\/www.escolademusicadepalma.cat\/wp-content\/uploads\/2018\/11\/2.jpg\",\"contentUrl\":\"https:\/\/www.escolademusicadepalma.cat\/wp-content\/uploads\/2018\/11\/2.jpg\",\"width\":455,\"height\":146,\"caption\":\"Escola de M\u00fasica de Palma\"},\"image\":{\"@id\":\"https:\/\/www.escolademusicadepalma.cat\/es\/#\/schema\/logo\/image\/\"},\"sameAs\":[\"https:\/\/www.facebook.com\/Escola-Municipal-de-M\u00fasica-de-Palma-428692967192319\/\",\"https:\/\/x.com\/esm_musicapalma\",\"https:\/\/www.youtube.com\/channel\/UCTzSeD3hnXAQl-8uQo1NHOA\/featured\"]}]}<\/script>\n<!-- \/ Yoast SEO plugin. -->","yoast_head_json":{"title":"Historia de la escuela de M\u00fasica - Escola Municipal de M\u00fasica de Palma","description":"Historia del Conservatorio Elemental y Escuela municipal de M\u00fasica de Palma. Ense\u00f1anzas regladas y no regladas de diferentes tipos de instrumentos.","robots":{"index":"index","follow":"follow","max-snippet":"max-snippet:-1","max-image-preview":"max-image-preview:large","max-video-preview":"max-video-preview:-1"},"canonical":"https:\/\/www.escolademusicadepalma.cat\/es\/historia\/","og_locale":"es_ES","og_type":"article","og_title":"Historia de la escuela de M\u00fasica - Escola Municipal de M\u00fasica de Palma","og_description":"Historia del Conservatorio Elemental y Escuela municipal de M\u00fasica de Palma. Ense\u00f1anzas regladas y no regladas de diferentes tipos de instrumentos.","og_url":"https:\/\/www.escolademusicadepalma.cat\/es\/historia\/","og_site_name":"Escola Municipal de M\u00fasica de Palma","article_publisher":"https:\/\/www.facebook.com\/Escola-Municipal-de-M%c3%basica-de-Palma-428692967192319\/","article_modified_time":"2023-09-11T16:25:43+00:00","twitter_card":"summary_large_image","twitter_site":"@esm_musicapalma","twitter_misc":{"Tiempo de lectura":"1 minuto"},"schema":{"@context":"https:\/\/schema.org","@graph":[{"@type":"WebPage","@id":"https:\/\/www.escolademusicadepalma.cat\/es\/historia\/","url":"https:\/\/www.escolademusicadepalma.cat\/es\/historia\/","name":"Historia de la escuela de M\u00fasica - Escola Municipal de M\u00fasica de Palma","isPartOf":{"@id":"https:\/\/www.escolademusicadepalma.cat\/es\/#website"},"datePublished":"2018-07-17T05:50:38+00:00","dateModified":"2023-09-11T16:25:43+00:00","description":"Historia del Conservatorio Elemental y Escuela municipal de M\u00fasica de Palma. Ense\u00f1anzas regladas y no regladas de diferentes tipos de instrumentos.","breadcrumb":{"@id":"https:\/\/www.escolademusicadepalma.cat\/es\/historia\/#breadcrumb"},"inLanguage":"es","potentialAction":[{"@type":"ReadAction","target":["https:\/\/www.escolademusicadepalma.cat\/es\/historia\/"]}]},{"@type":"BreadcrumbList","@id":"https:\/\/www.escolademusicadepalma.cat\/es\/historia\/#breadcrumb","itemListElement":[{"@type":"ListItem","position":1,"name":"Inici","item":"https:\/\/www.escolademusicadepalma.cat\/es\/"},{"@type":"ListItem","position":2,"name":"Historia"}]},{"@type":"WebSite","@id":"https:\/\/www.escolademusicadepalma.cat\/es\/#website","url":"https:\/\/www.escolademusicadepalma.cat\/es\/","name":"Escola Municipal de M\u00fasica de Palma","description":"Escola Municipal de M\u00fasica de Palma","publisher":{"@id":"https:\/\/www.escolademusicadepalma.cat\/es\/#organization"},"potentialAction":[{"@type":"SearchAction","target":{"@type":"EntryPoint","urlTemplate":"https:\/\/www.escolademusicadepalma.cat\/es\/?s={search_term_string}"},"query-input":{"@type":"PropertyValueSpecification","valueRequired":true,"valueName":"search_term_string"}}],"inLanguage":"es"},{"@type":"Organization","@id":"https:\/\/www.escolademusicadepalma.cat\/es\/#organization","name":"Escola de M\u00fasica de Palma","url":"https:\/\/www.escolademusicadepalma.cat\/es\/","logo":{"@type":"ImageObject","inLanguage":"es","@id":"https:\/\/www.escolademusicadepalma.cat\/es\/#\/schema\/logo\/image\/","url":"https:\/\/www.escolademusicadepalma.cat\/wp-content\/uploads\/2018\/11\/2.jpg","contentUrl":"https:\/\/www.escolademusicadepalma.cat\/wp-content\/uploads\/2018\/11\/2.jpg","width":455,"height":146,"caption":"Escola de M\u00fasica de Palma"},"image":{"@id":"https:\/\/www.escolademusicadepalma.cat\/es\/#\/schema\/logo\/image\/"},"sameAs":["https:\/\/www.facebook.com\/Escola-Municipal-de-M\u00fasica-de-Palma-428692967192319\/","https:\/\/x.com\/esm_musicapalma","https:\/\/www.youtube.com\/channel\/UCTzSeD3hnXAQl-8uQo1NHOA\/featured"]}]}},"_links":{"self":[{"href":"https:\/\/www.escolademusicadepalma.cat\/es\/wp-json\/wp\/v2\/pages\/15320","targetHints":{"allow":["GET"]}}],"collection":[{"href":"https:\/\/www.escolademusicadepalma.cat\/es\/wp-json\/wp\/v2\/pages"}],"about":[{"href":"https:\/\/www.escolademusicadepalma.cat\/es\/wp-json\/wp\/v2\/types\/page"}],"author":[{"embeddable":true,"href":"https:\/\/www.escolademusicadepalma.cat\/es\/wp-json\/wp\/v2\/users\/1"}],"replies":[{"embeddable":true,"href":"https:\/\/www.escolademusicadepalma.cat\/es\/wp-json\/wp\/v2\/comments?post=15320"}],"version-history":[{"count":2,"href":"https:\/\/www.escolademusicadepalma.cat\/es\/wp-json\/wp\/v2\/pages\/15320\/revisions"}],"predecessor-version":[{"id":15322,"href":"https:\/\/www.escolademusicadepalma.cat\/es\/wp-json\/wp\/v2\/pages\/15320\/revisions\/15322"}],"wp:attachment":[{"href":"https:\/\/www.escolademusicadepalma.cat\/es\/wp-json\/wp\/v2\/media?parent=15320"}],"curies":[{"name":"wp","href":"https:\/\/api.w.org\/{rel}","templated":true}]}}