{"id":15333,"date":"2018-07-25T07:52:36","date_gmt":"2018-07-25T05:52:36","guid":{"rendered":"https:\/\/www.escolademusicadepalma.cat\/banco-de-instrumentos\/"},"modified":"2023-09-12T09:25:22","modified_gmt":"2023-09-12T07:25:22","slug":"banco-de-instrumentos","status":"publish","type":"page","link":"https:\/\/www.escolademusicadepalma.cat\/es\/banco-de-instrumentos\/","title":{"rendered":"Banco de instrumentos"},"content":{"rendered":"<div class=\"wpb-content-wrapper\"><p>[vc_row][vc_column width=&#8221;1\/6&#8243;][vc_single_image image=&#8221;12251&#8243; img_size=&#8221;full&#8221; alignment=&#8221;center&#8221; css=&#8221;.vc_custom_1533120116166{padding-top: 30px !important;}&#8221;][\/vc_column][vc_column width=&#8221;2\/3&#8243; css=&#8221;.vc_custom_1536568437150{padding-top: 5% !important;padding-right: 5% !important;padding-bottom: 5% !important;padding-left: 5% !important;background-color: #ffffff !important;}&#8221;][vc_column_text css=&#8221;.vc_custom_1535452348717{margin-bottom: 0px !important;padding-bottom: 10px !important;}&#8221;]<\/p>\n<h2>Banco de instrumentos<\/h2>\n<p>[\/vc_column_text][vc_separator color=&#8221;custom&#8221; align=&#8221;align_left&#8221; border_width=&#8221;5&#8243; el_width=&#8221;10&#8243; accent_color=&#8221;#50e0c7&#8243; css=&#8221;.vc_custom_1531986337582{padding-bottom: 20px !important;}&#8221;][vc_column_text]<span class=\"lead\">La EMMP posee un servicio destinado a la cesi\u00f3n en pr\u00e9stamo de instrumentos, llamado Banco de Instrumentos.<\/span><\/p>\n<p>El prop\u00f3sito es ayudar a las familias que tienen un ni\u00f1o que empieza un nuevo instrumento a no tenerlo que comprar, puesto que puede pasar que despu\u00e9s no le guste y evitamos as\u00ed un gasto a\u00f1adido.<\/p>\n<p>Este servicio lo ofrecemos durante los dos primeros cursos de aprendizaje del ni\u00f1o y, ya en el tercero, recomendamos el alquiler o compra del propio instrumento para as\u00ed poder seguir ofreciendo el servicio al nuevo alumnado que empieza.[\/vc_column_text][vc_single_image image=&#8221;13924&#8243; img_size=&#8221;full&#8221;][vc_column_text css=&#8221;.vc_custom_1535538878581{padding-top: 30px !important;}&#8221;]<\/p>\n<h3>Solicitud de instrumento<\/h3>\n<p>[\/vc_column_text][vc_raw_html]PGlmcmFtZSBzcmM9Imh0dHBzOi8vZG9jcy5nb29nbGUuY29tL2Zvcm1zL2QvZS8xRkFJcFFMU2NGLVp1SW84RTNHM3gwMHgtZjBqTUd2X2pjZ01VNDk0ZENIY1ltN1dhV21PdGtZZy92aWV3Zm9ybT9lbWJlZGRlZD10cnVlIiB3aWR0aD0iNjQwIiBoZWlnaHQ9IjM1MTkiIGZyYW1lYm9yZGVyPSIwIiBtYXJnaW5oZWlnaHQ9IjAiIG1hcmdpbndpZHRoPSIwIj5TZSBlc3TDoSBjYXJnYW5kb+KApjwvaWZyYW1lPg==[\/vc_raw_html][\/vc_column][vc_column width=&#8221;1\/6&#8243;][\/vc_column][\/vc_row]<\/p>\n<\/div>","protected":false},"excerpt":{"rendered":"<p>[vc_row][vc_column width=&#8221;1\/6&#8243;][vc_single_image image=&#8221;12251&#8243; img_size=&#8221;full&#8221; alignment=&#8221;center&#8221; css=&#8221;.vc_custom_1533120116166{padding-top: 30px !important;}&#8221;][\/vc_column][vc_column width=&#8221;2\/3&#8243; css=&#8221;.vc_custom_1536568437150{padding-top: 5% !important;padding-right: 5% !important;padding-bottom: 5% !important;padding-left: 5% !important;background-color: #ffffff !important;}&#8221;][vc_column_text css=&#8221;.vc_custom_1535452348717{margin-bottom: 0px !important;padding-bottom: 10px !important;}&#8221;] Banco de instrumentos [\/vc_column_text][vc_separator color=&#8221;custom&#8221;&#8230;<\/p>\n","protected":false},"author":1,"featured_media":0,"parent":0,"menu_order":0,"comment_status":"closed","ping_status":"closed","template":"","meta":{"footnotes":""},"class_list":["post-15333","page","type-page","status-publish","hentry"],"yoast_head":"<!-- This site is optimized with the Yoast SEO plugin v27.4 - https:\/\/yoast.com\/product\/yoast-seo-wordpress\/ -->\n<title>Banco de instrumentos - Escola Municipal de M\u00fasica de Palma<\/title>\n<meta name=\"description\" content=\"Guitarra, piano, viol\u00edn, violonchelo, saxo, clarinete, flauta travesera, trompeta, percusi\u00f3n, combos, orquesta, coro de adultos, batucada\u2026\" \/>\n<meta name=\"robots\" content=\"index, follow, max-snippet:-1, max-image-preview:large, max-video-preview:-1\" \/>\n<link rel=\"canonical\" href=\"https:\/\/www.escolademusicadepalma.cat\/es\/banco-de-instrumentos\/\" \/>\n<meta property=\"og:locale\" content=\"es_ES\" \/>\n<meta property=\"og:type\" content=\"article\" \/>\n<meta property=\"og:title\" content=\"Banco de instrumentos - Escola Municipal de M\u00fasica de Palma\" \/>\n<meta property=\"og:description\" content=\"Guitarra, piano, viol\u00edn, violonchelo, saxo, clarinete, flauta travesera, trompeta, percusi\u00f3n, combos, orquesta, coro de adultos, batucada\u2026\" \/>\n<meta property=\"og:url\" content=\"https:\/\/www.escolademusicadepalma.cat\/es\/banco-de-instrumentos\/\" \/>\n<meta property=\"og:site_name\" content=\"Escola Municipal de M\u00fasica de Palma\" \/>\n<meta property=\"article:publisher\" content=\"https:\/\/www.facebook.com\/Escola-Municipal-de-M%c3%basica-de-Palma-428692967192319\/\" \/>\n<meta property=\"article:modified_time\" content=\"2023-09-12T07:25:22+00:00\" \/>\n<meta name=\"twitter:card\" content=\"summary_large_image\" \/>\n<meta name=\"twitter:site\" content=\"@esm_musicapalma\" \/>\n<meta name=\"twitter:label1\" content=\"Tiempo de lectura\" \/>\n\t<meta name=\"twitter:data1\" content=\"1 minuto\" \/>\n<script type=\"application\/ld+json\" class=\"yoast-schema-graph\">{\"@context\":\"https:\\\/\\\/schema.org\",\"@graph\":[{\"@type\":\"WebPage\",\"@id\":\"https:\\\/\\\/www.escolademusicadepalma.cat\\\/es\\\/banco-de-instrumentos\\\/\",\"url\":\"https:\\\/\\\/www.escolademusicadepalma.cat\\\/es\\\/banco-de-instrumentos\\\/\",\"name\":\"Banco de instrumentos - Escola Municipal de M\u00fasica de Palma\",\"isPartOf\":{\"@id\":\"https:\\\/\\\/www.escolademusicadepalma.cat\\\/es\\\/#website\"},\"datePublished\":\"2018-07-25T05:52:36+00:00\",\"dateModified\":\"2023-09-12T07:25:22+00:00\",\"description\":\"Guitarra, piano, viol\u00edn, violonchelo, saxo, clarinete, flauta travesera, trompeta, percusi\u00f3n, combos, orquesta, coro de adultos, batucada\u2026\",\"breadcrumb\":{\"@id\":\"https:\\\/\\\/www.escolademusicadepalma.cat\\\/es\\\/banco-de-instrumentos\\\/#breadcrumb\"},\"inLanguage\":\"es\",\"potentialAction\":[{\"@type\":\"ReadAction\",\"target\":[\"https:\\\/\\\/www.escolademusicadepalma.cat\\\/es\\\/banco-de-instrumentos\\\/\"]}]},{\"@type\":\"BreadcrumbList\",\"@id\":\"https:\\\/\\\/www.escolademusicadepalma.cat\\\/es\\\/banco-de-instrumentos\\\/#breadcrumb\",\"itemListElement\":[{\"@type\":\"ListItem\",\"position\":1,\"name\":\"Inici\",\"item\":\"https:\\\/\\\/www.escolademusicadepalma.cat\\\/es\\\/\"},{\"@type\":\"ListItem\",\"position\":2,\"name\":\"Banco de instrumentos\"}]},{\"@type\":\"WebSite\",\"@id\":\"https:\\\/\\\/www.escolademusicadepalma.cat\\\/es\\\/#website\",\"url\":\"https:\\\/\\\/www.escolademusicadepalma.cat\\\/es\\\/\",\"name\":\"Escola Municipal de M\u00fasica de Palma\",\"description\":\"Escola Municipal de M\u00fasica de Palma\",\"publisher\":{\"@id\":\"https:\\\/\\\/www.escolademusicadepalma.cat\\\/es\\\/#organization\"},\"potentialAction\":[{\"@type\":\"SearchAction\",\"target\":{\"@type\":\"EntryPoint\",\"urlTemplate\":\"https:\\\/\\\/www.escolademusicadepalma.cat\\\/es\\\/?s={search_term_string}\"},\"query-input\":{\"@type\":\"PropertyValueSpecification\",\"valueRequired\":true,\"valueName\":\"search_term_string\"}}],\"inLanguage\":\"es\"},{\"@type\":\"Organization\",\"@id\":\"https:\\\/\\\/www.escolademusicadepalma.cat\\\/es\\\/#organization\",\"name\":\"Escola de M\u00fasica de Palma\",\"url\":\"https:\\\/\\\/www.escolademusicadepalma.cat\\\/es\\\/\",\"logo\":{\"@type\":\"ImageObject\",\"inLanguage\":\"es\",\"@id\":\"https:\\\/\\\/www.escolademusicadepalma.cat\\\/es\\\/#\\\/schema\\\/logo\\\/image\\\/\",\"url\":\"https:\\\/\\\/www.escolademusicadepalma.cat\\\/wp-content\\\/uploads\\\/2018\\\/11\\\/2.jpg\",\"contentUrl\":\"https:\\\/\\\/www.escolademusicadepalma.cat\\\/wp-content\\\/uploads\\\/2018\\\/11\\\/2.jpg\",\"width\":455,\"height\":146,\"caption\":\"Escola de M\u00fasica de Palma\"},\"image\":{\"@id\":\"https:\\\/\\\/www.escolademusicadepalma.cat\\\/es\\\/#\\\/schema\\\/logo\\\/image\\\/\"},\"sameAs\":[\"https:\\\/\\\/www.facebook.com\\\/Escola-Municipal-de-M\u00fasica-de-Palma-428692967192319\\\/\",\"https:\\\/\\\/x.com\\\/esm_musicapalma\",\"https:\\\/\\\/www.youtube.com\\\/channel\\\/UCTzSeD3hnXAQl-8uQo1NHOA\\\/featured\"]}]}<\/script>\n<!-- \/ Yoast SEO plugin. -->","yoast_head_json":{"title":"Banco de instrumentos - Escola Municipal de M\u00fasica de Palma","description":"Guitarra, piano, viol\u00edn, violonchelo, saxo, clarinete, flauta travesera, trompeta, percusi\u00f3n, combos, orquesta, coro de adultos, batucada\u2026","robots":{"index":"index","follow":"follow","max-snippet":"max-snippet:-1","max-image-preview":"max-image-preview:large","max-video-preview":"max-video-preview:-1"},"canonical":"https:\/\/www.escolademusicadepalma.cat\/es\/banco-de-instrumentos\/","og_locale":"es_ES","og_type":"article","og_title":"Banco de instrumentos - Escola Municipal de M\u00fasica de Palma","og_description":"Guitarra, piano, viol\u00edn, violonchelo, saxo, clarinete, flauta travesera, trompeta, percusi\u00f3n, combos, orquesta, coro de adultos, batucada\u2026","og_url":"https:\/\/www.escolademusicadepalma.cat\/es\/banco-de-instrumentos\/","og_site_name":"Escola Municipal de M\u00fasica de Palma","article_publisher":"https:\/\/www.facebook.com\/Escola-Municipal-de-M%c3%basica-de-Palma-428692967192319\/","article_modified_time":"2023-09-12T07:25:22+00:00","twitter_card":"summary_large_image","twitter_site":"@esm_musicapalma","twitter_misc":{"Tiempo de lectura":"1 minuto"},"schema":{"@context":"https:\/\/schema.org","@graph":[{"@type":"WebPage","@id":"https:\/\/www.escolademusicadepalma.cat\/es\/banco-de-instrumentos\/","url":"https:\/\/www.escolademusicadepalma.cat\/es\/banco-de-instrumentos\/","name":"Banco de instrumentos - Escola Municipal de M\u00fasica de Palma","isPartOf":{"@id":"https:\/\/www.escolademusicadepalma.cat\/es\/#website"},"datePublished":"2018-07-25T05:52:36+00:00","dateModified":"2023-09-12T07:25:22+00:00","description":"Guitarra, piano, viol\u00edn, violonchelo, saxo, clarinete, flauta travesera, trompeta, percusi\u00f3n, combos, orquesta, coro de adultos, batucada\u2026","breadcrumb":{"@id":"https:\/\/www.escolademusicadepalma.cat\/es\/banco-de-instrumentos\/#breadcrumb"},"inLanguage":"es","potentialAction":[{"@type":"ReadAction","target":["https:\/\/www.escolademusicadepalma.cat\/es\/banco-de-instrumentos\/"]}]},{"@type":"BreadcrumbList","@id":"https:\/\/www.escolademusicadepalma.cat\/es\/banco-de-instrumentos\/#breadcrumb","itemListElement":[{"@type":"ListItem","position":1,"name":"Inici","item":"https:\/\/www.escolademusicadepalma.cat\/es\/"},{"@type":"ListItem","position":2,"name":"Banco de instrumentos"}]},{"@type":"WebSite","@id":"https:\/\/www.escolademusicadepalma.cat\/es\/#website","url":"https:\/\/www.escolademusicadepalma.cat\/es\/","name":"Escola Municipal de M\u00fasica de Palma","description":"Escola Municipal de M\u00fasica de Palma","publisher":{"@id":"https:\/\/www.escolademusicadepalma.cat\/es\/#organization"},"potentialAction":[{"@type":"SearchAction","target":{"@type":"EntryPoint","urlTemplate":"https:\/\/www.escolademusicadepalma.cat\/es\/?s={search_term_string}"},"query-input":{"@type":"PropertyValueSpecification","valueRequired":true,"valueName":"search_term_string"}}],"inLanguage":"es"},{"@type":"Organization","@id":"https:\/\/www.escolademusicadepalma.cat\/es\/#organization","name":"Escola de M\u00fasica de Palma","url":"https:\/\/www.escolademusicadepalma.cat\/es\/","logo":{"@type":"ImageObject","inLanguage":"es","@id":"https:\/\/www.escolademusicadepalma.cat\/es\/#\/schema\/logo\/image\/","url":"https:\/\/www.escolademusicadepalma.cat\/wp-content\/uploads\/2018\/11\/2.jpg","contentUrl":"https:\/\/www.escolademusicadepalma.cat\/wp-content\/uploads\/2018\/11\/2.jpg","width":455,"height":146,"caption":"Escola de M\u00fasica de Palma"},"image":{"@id":"https:\/\/www.escolademusicadepalma.cat\/es\/#\/schema\/logo\/image\/"},"sameAs":["https:\/\/www.facebook.com\/Escola-Municipal-de-M\u00fasica-de-Palma-428692967192319\/","https:\/\/x.com\/esm_musicapalma","https:\/\/www.youtube.com\/channel\/UCTzSeD3hnXAQl-8uQo1NHOA\/featured"]}]}},"_links":{"self":[{"href":"https:\/\/www.escolademusicadepalma.cat\/es\/wp-json\/wp\/v2\/pages\/15333","targetHints":{"allow":["GET"]}}],"collection":[{"href":"https:\/\/www.escolademusicadepalma.cat\/es\/wp-json\/wp\/v2\/pages"}],"about":[{"href":"https:\/\/www.escolademusicadepalma.cat\/es\/wp-json\/wp\/v2\/types\/page"}],"author":[{"embeddable":true,"href":"https:\/\/www.escolademusicadepalma.cat\/es\/wp-json\/wp\/v2\/users\/1"}],"replies":[{"embeddable":true,"href":"https:\/\/www.escolademusicadepalma.cat\/es\/wp-json\/wp\/v2\/comments?post=15333"}],"version-history":[{"count":2,"href":"https:\/\/www.escolademusicadepalma.cat\/es\/wp-json\/wp\/v2\/pages\/15333\/revisions"}],"predecessor-version":[{"id":15335,"href":"https:\/\/www.escolademusicadepalma.cat\/es\/wp-json\/wp\/v2\/pages\/15333\/revisions\/15335"}],"wp:attachment":[{"href":"https:\/\/www.escolademusicadepalma.cat\/es\/wp-json\/wp\/v2\/media?parent=15333"}],"curies":[{"name":"wp","href":"https:\/\/api.w.org\/{rel}","templated":true}]}}